{"id":1166,"date":"2020-08-25T15:13:50","date_gmt":"2020-08-25T15:13:50","guid":{"rendered":"https:\/\/www.twifi.ch\/internetanbieter\/"},"modified":"2021-01-16T10:06:55","modified_gmt":"2021-01-16T10:06:55","slug":"internetanbieter","status":"publish","type":"page","link":"http:\/\/dev.twifi.ch\/fr\/","title":{"rendered":"twifi"},"content":{"rendered":"","protected":false},"excerpt":{"rendered":"","protected":false},"author":1,"featured_media":0,"parent":0,"menu_order":1,"comment_status":"closed","ping_status":"closed","template":"","meta":{"_acf_changed":false,"footnotes":""},"class_list":["post-1166","page","type-page","status-publish","hentry"],"acf":[],"yoast_head":"<!-- This site is optimized with the Yoast SEO Premium plugin v26.6 (Yoast SEO v27.4) - https:\/\/yoast.com\/product\/yoast-seo-premium-wordpress\/ -->\n<title>twifi -Home Internet Box \u00e0 partir de 24 .- \/ mois. Sans dur\u00e9e minimale!<\/title>\n<meta name=\"description\" content=\"twifi - Home Internet Box \u00e0 partir de 24 .- \/ mois. Sans dur\u00e9e minimale! Internet haut d\u00e9bit partout en Suisse. D\u00e9ballez, allumez et commencez \u00e0 surfer!\" \/>\n<meta name=\"robots\" content=\"noindex, nofollow\" \/>\n<meta property=\"og:locale\" content=\"fr_FR\" \/>\n<meta property=\"og:type\" content=\"article\" \/>\n<meta property=\"og:title\" content=\"twifi\" \/>\n<meta property=\"og:description\" content=\"twifi - Home Internet Box \u00e0 partir de 24 .- \/ mois. Sans dur\u00e9e minimale! Internet haut d\u00e9bit partout en Suisse. D\u00e9ballez, allumez et commencez \u00e0 surfer!\" \/>\n<meta property=\"og:url\" content=\"http:\/\/dev.twifi.ch\/fr\/\" \/>\n<meta property=\"og:site_name\" content=\"twifi\" \/>\n<meta property=\"article:modified_time\" content=\"2021-01-16T10:06:55+00:00\" \/>\n<meta name=\"twitter:card\" content=\"summary_large_image\" \/>\n<script type=\"application\/ld+json\" class=\"yoast-schema-graph\">{\"@context\":\"https:\\\/\\\/schema.org\",\"@graph\":[{\"@type\":\"WebPage\",\"@id\":\"http:\\\/\\\/dev.twifi.ch\\\/fr\\\/\",\"url\":\"http:\\\/\\\/dev.twifi.ch\\\/fr\\\/\",\"name\":\"twifi -Home Internet Box \u00e0 partir de 24 .- \\\/ mois. Sans dur\u00e9e minimale!\",\"isPartOf\":{\"@id\":\"http:\\\/\\\/dev.twifi.ch\\\/fr\\\/#website\"},\"datePublished\":\"2020-08-25T15:13:50+00:00\",\"dateModified\":\"2021-01-16T10:06:55+00:00\",\"description\":\"twifi - Home Internet Box \u00e0 partir de 24 .- \\\/ mois. Sans dur\u00e9e minimale! Internet haut d\u00e9bit partout en Suisse. D\u00e9ballez, allumez et commencez \u00e0 surfer!\",\"breadcrumb\":{\"@id\":\"http:\\\/\\\/dev.twifi.ch\\\/fr\\\/#breadcrumb\"},\"inLanguage\":\"fr-FR\",\"potentialAction\":[{\"@type\":\"ReadAction\",\"target\":[\"http:\\\/\\\/dev.twifi.ch\\\/fr\\\/\"]}]},{\"@type\":\"BreadcrumbList\",\"@id\":\"http:\\\/\\\/dev.twifi.ch\\\/fr\\\/#breadcrumb\",\"itemListElement\":[{\"@type\":\"ListItem\",\"position\":1,\"name\":\"Home\",\"item\":\"http:\\\/\\\/dev.twifi.ch\\\/fr\\\/\"},{\"@type\":\"ListItem\",\"position\":2,\"name\":\"twifi\"}]},{\"@type\":\"WebSite\",\"@id\":\"http:\\\/\\\/dev.twifi.ch\\\/fr\\\/#website\",\"url\":\"http:\\\/\\\/dev.twifi.ch\\\/fr\\\/\",\"name\":\"twifi\",\"description\":\"Home Internet Box - WiFi Hotspot - Daten SIM\",\"publisher\":{\"@id\":\"http:\\\/\\\/dev.twifi.ch\\\/fr\\\/#organization\"},\"potentialAction\":[{\"@type\":\"SearchAction\",\"target\":{\"@type\":\"EntryPoint\",\"urlTemplate\":\"http:\\\/\\\/dev.twifi.ch\\\/fr\\\/?s={search_term_string}\"},\"query-input\":{\"@type\":\"PropertyValueSpecification\",\"valueRequired\":true,\"valueName\":\"search_term_string\"}}],\"inLanguage\":\"fr-FR\"},{\"@type\":\"Organization\",\"@id\":\"http:\\\/\\\/dev.twifi.ch\\\/fr\\\/#organization\",\"name\":\"twifi\",\"url\":\"http:\\\/\\\/dev.twifi.ch\\\/fr\\\/\",\"logo\":{\"@type\":\"ImageObject\",\"inLanguage\":\"fr-FR\",\"@id\":\"http:\\\/\\\/dev.twifi.ch\\\/fr\\\/#\\\/schema\\\/logo\\\/image\\\/\",\"url\":\"https:\\\/\\\/dev.twifi.ch\\\/app\\\/uploads\\\/2020\\\/08\\\/twifi-Mobile-Internet-Provider-.png\",\"contentUrl\":\"https:\\\/\\\/dev.twifi.ch\\\/app\\\/uploads\\\/2020\\\/08\\\/twifi-Mobile-Internet-Provider-.png\",\"width\":3067,\"height\":960,\"caption\":\"twifi\"},\"image\":{\"@id\":\"http:\\\/\\\/dev.twifi.ch\\\/fr\\\/#\\\/schema\\\/logo\\\/image\\\/\"}}]}<\/script>\n<!-- \/ Yoast SEO Premium plugin. -->","yoast_head_json":{"title":"twifi -Home Internet Box \u00e0 partir de 24 .- \/ mois. Sans dur\u00e9e minimale!","description":"twifi - Home Internet Box \u00e0 partir de 24 .- \/ mois. Sans dur\u00e9e minimale! Internet haut d\u00e9bit partout en Suisse. D\u00e9ballez, allumez et commencez \u00e0 surfer!","robots":{"index":"noindex","follow":"nofollow"},"og_locale":"fr_FR","og_type":"article","og_title":"twifi","og_description":"twifi - Home Internet Box \u00e0 partir de 24 .- \/ mois. Sans dur\u00e9e minimale! Internet haut d\u00e9bit partout en Suisse. D\u00e9ballez, allumez et commencez \u00e0 surfer!","og_url":"http:\/\/dev.twifi.ch\/fr\/","og_site_name":"twifi","article_modified_time":"2021-01-16T10:06:55+00:00","twitter_card":"summary_large_image","schema":{"@context":"https:\/\/schema.org","@graph":[{"@type":"WebPage","@id":"http:\/\/dev.twifi.ch\/fr\/","url":"http:\/\/dev.twifi.ch\/fr\/","name":"twifi -Home Internet Box \u00e0 partir de 24 .- \/ mois. Sans dur\u00e9e minimale!","isPartOf":{"@id":"http:\/\/dev.twifi.ch\/fr\/#website"},"datePublished":"2020-08-25T15:13:50+00:00","dateModified":"2021-01-16T10:06:55+00:00","description":"twifi - Home Internet Box \u00e0 partir de 24 .- \/ mois. Sans dur\u00e9e minimale! Internet haut d\u00e9bit partout en Suisse. D\u00e9ballez, allumez et commencez \u00e0 surfer!","breadcrumb":{"@id":"http:\/\/dev.twifi.ch\/fr\/#breadcrumb"},"inLanguage":"fr-FR","potentialAction":[{"@type":"ReadAction","target":["http:\/\/dev.twifi.ch\/fr\/"]}]},{"@type":"BreadcrumbList","@id":"http:\/\/dev.twifi.ch\/fr\/#breadcrumb","itemListElement":[{"@type":"ListItem","position":1,"name":"Home","item":"http:\/\/dev.twifi.ch\/fr\/"},{"@type":"ListItem","position":2,"name":"twifi"}]},{"@type":"WebSite","@id":"http:\/\/dev.twifi.ch\/fr\/#website","url":"http:\/\/dev.twifi.ch\/fr\/","name":"twifi","description":"Home Internet Box - WiFi Hotspot - Daten SIM","publisher":{"@id":"http:\/\/dev.twifi.ch\/fr\/#organization"},"potentialAction":[{"@type":"SearchAction","target":{"@type":"EntryPoint","urlTemplate":"http:\/\/dev.twifi.ch\/fr\/?s={search_term_string}"},"query-input":{"@type":"PropertyValueSpecification","valueRequired":true,"valueName":"search_term_string"}}],"inLanguage":"fr-FR"},{"@type":"Organization","@id":"http:\/\/dev.twifi.ch\/fr\/#organization","name":"twifi","url":"http:\/\/dev.twifi.ch\/fr\/","logo":{"@type":"ImageObject","inLanguage":"fr-FR","@id":"http:\/\/dev.twifi.ch\/fr\/#\/schema\/logo\/image\/","url":"https:\/\/dev.twifi.ch\/app\/uploads\/2020\/08\/twifi-Mobile-Internet-Provider-.png","contentUrl":"https:\/\/dev.twifi.ch\/app\/uploads\/2020\/08\/twifi-Mobile-Internet-Provider-.png","width":3067,"height":960,"caption":"twifi"},"image":{"@id":"http:\/\/dev.twifi.ch\/fr\/#\/schema\/logo\/image\/"}}]}},"_links":{"self":[{"href":"http:\/\/dev.twifi.ch\/fr\/wp-json\/wp\/v2\/pages\/1166","targetHints":{"allow":["GET"]}}],"collection":[{"href":"http:\/\/dev.twifi.ch\/fr\/wp-json\/wp\/v2\/pages"}],"about":[{"href":"http:\/\/dev.twifi.ch\/fr\/wp-json\/wp\/v2\/types\/page"}],"author":[{"embeddable":true,"href":"http:\/\/dev.twifi.ch\/fr\/wp-json\/wp\/v2\/users\/1"}],"replies":[{"embeddable":true,"href":"http:\/\/dev.twifi.ch\/fr\/wp-json\/wp\/v2\/comments?post=1166"}],"version-history":[{"count":1,"href":"http:\/\/dev.twifi.ch\/fr\/wp-json\/wp\/v2\/pages\/1166\/revisions"}],"predecessor-version":[{"id":1822,"href":"http:\/\/dev.twifi.ch\/fr\/wp-json\/wp\/v2\/pages\/1166\/revisions\/1822"}],"wp:attachment":[{"href":"http:\/\/dev.twifi.ch\/fr\/wp-json\/wp\/v2\/media?parent=1166"}],"curies":[{"name":"wp","href":"https:\/\/api.w.org\/{rel}","templated":true}]}}